{"id":147,"date":"2023-11-11T16:59:37","date_gmt":"2023-11-11T16:59:37","guid":{"rendered":"https:\/\/together.hr\/?page_id=147"},"modified":"2023-11-11T16:59:37","modified_gmt":"2023-11-11T16:59:37","slug":"projekti","status":"publish","type":"page","link":"https:\/\/together.hr\/index.php\/projekti\/","title":{"rendered":"Projekti"},"content":{"rendered":"\n<p>Volimo sura\u0111ivati \u200b\u200bna raznim zanimljivim projektima, privla\u010de nas interdisciplinarne suradnje, eksperimentiranje i stvaranje nekih novih vrijednosti. <\/p>\n\n\n\n<div class=\"wp-block-cover\"><span aria-hidden=\"true\" class=\"wp-block-cover__background has-background-dim\"><\/span><img loading=\"lazy\" decoding=\"async\" width=\"1704\" height=\"2560\" class=\"wp-block-cover__image-background wp-image-133\" alt=\"\" src=\"https:\/\/together.hr\/wp-content\/uploads\/2023\/11\/valentina-ivanova-TSd2VGMeODg-unsplash-scaled.jpg\" style=\"object-position:42% 47%\" data-object-fit=\"cover\" data-object-position=\"42% 47%\" srcset=\"https:\/\/together.hr\/wp-content\/uploads\/2023\/11\/valentina-ivanova-TSd2VGMeODg-unsplash-scaled.jpg 1704w, https:\/\/together.hr\/wp-content\/uploads\/2023\/11\/valentina-ivanova-TSd2VGMeODg-unsplash-200x300.jpg 200w, https:\/\/together.hr\/wp-content\/uploads\/2023\/11\/valentina-ivanova-TSd2VGMeODg-unsplash-682x1024.jpg 682w, https:\/\/together.hr\/wp-content\/uploads\/2023\/11\/valentina-ivanova-TSd2VGMeODg-unsplash-768x1154.jpg 768w, https:\/\/together.hr\/wp-content\/uploads\/2023\/11\/valentina-ivanova-TSd2VGMeODg-unsplash-1022x1536.jpg 1022w, https:\/\/together.hr\/wp-content\/uploads\/2023\/11\/valentina-ivanova-TSd2VGMeODg-unsplash-1363x2048.jpg 1363w\" sizes=\"auto, (max-width: 1704px) 100vw, 1704px\" \/><div class=\"wp-block-cover__inner-container has-global-padding is-layout-constrained wp-block-cover-is-layout-constrained\">\n<p class=\"has-text-align-center has-large-font-size\">Dijeljenje znanja i spajanje naizgled nespojivog temeljne su vrijednosti za koje se zala\u017eemo.<\/p>\n<\/div><\/div>\n\n\n\n<p>Sura\u0111ujemo s tvrtkama, umjetnicima, udrugama, kulturnjacima, vizionarima&#8230;<\/p>\n\n\n\n<p><strong>Pogledajte na\u0161e projekte:<\/strong><\/p>\n\n\n\n<details class=\"wp-block-details is-layout-flow wp-block-details-is-layout-flow\"><summary>FERRERO ENERGY DAY (2023)<\/summary>\n<p>Workshops on how to manage your physical, emotional and mental energy at work.<\/p>\n<\/details>\n\n\n\n<details class=\"wp-block-details is-layout-flow wp-block-details-is-layout-flow\"><summary>UNICEF (2023)<\/summary>\n<p>Project to provide support to parents of adolescents and managers who work with adolescents.<\/p>\n<\/details>\n\n\n\n<details class=\"wp-block-details is-layout-flow wp-block-details-is-layout-flow\"><summary>MAGIC CARPETS (2023-2023)<\/summary>\n<p>&#8220;Magic Carpets&#8221; is a &#8220;Creative Europe&#8221; platform uniting 21 European cultural organisations that create opportunities for emerging artists to embark on journeys to unknown lands and to create, together with local artists and local communities, new works that highlight local specificities and compensate for the shortage of story-telling existing in the modern society by enhancing cultural accessibility, cultural activism and participation.<\/p>\n<\/details>\n\n\n\n<details class=\"wp-block-details is-layout-flow wp-block-details-is-layout-flow\"><summary>SIRIUS LEADERSHIP MANAGEMENT PROGRAM (2017-2023)<\/summary>\n<p>The SIRIUS leadership management program is a program that provides participants, future managers or those who already are at the middle management level with a theoretical framework and practical application. In cooperation with STUDIO5<\/p>\n<\/details>\n\n\n\n<p><\/p>\n","protected":false},"excerpt":{"rendered":"<p>Volimo sura\u0111ivati \u200b\u200bna raznim zanimljivim projektima, privla\u010de nas interdisciplinarne suradnje, eksperimentiranje i stvaranje nekih novih vrijednosti. Sura\u0111ujemo s tvrtkama, umjetnicima, udrugama, kulturnjacima, vizionarima&#8230; Pogledajte na\u0161e projekte:<\/p>\n","protected":false},"author":1,"featured_media":0,"parent":0,"menu_order":0,"comment_status":"closed","ping_status":"closed","template":"","meta":{"footnotes":""},"class_list":["post-147","page","type-page","status-publish","hentry"],"_links":{"self":[{"href":"https:\/\/together.hr\/index.php\/wp-json\/wp\/v2\/pages\/147","targetHints":{"allow":["GET"]}}],"collection":[{"href":"https:\/\/together.hr\/index.php\/wp-json\/wp\/v2\/pages"}],"about":[{"href":"https:\/\/together.hr\/index.php\/wp-json\/wp\/v2\/types\/page"}],"author":[{"embeddable":true,"href":"https:\/\/together.hr\/index.php\/wp-json\/wp\/v2\/users\/1"}],"replies":[{"embeddable":true,"href":"https:\/\/together.hr\/index.php\/wp-json\/wp\/v2\/comments?post=147"}],"version-history":[{"count":1,"href":"https:\/\/together.hr\/index.php\/wp-json\/wp\/v2\/pages\/147\/revisions"}],"predecessor-version":[{"id":148,"href":"https:\/\/together.hr\/index.php\/wp-json\/wp\/v2\/pages\/147\/revisions\/148"}],"wp:attachment":[{"href":"https:\/\/together.hr\/index.php\/wp-json\/wp\/v2\/media?parent=147"}],"curies":[{"name":"wp","href":"https:\/\/api.w.org\/{rel}","templated":true}]}}