{"id":158,"date":"2023-11-11T17:42:20","date_gmt":"2023-11-11T17:42:20","guid":{"rendered":"https:\/\/together.hr\/?page_id=158"},"modified":"2023-11-11T17:42:20","modified_gmt":"2023-11-11T17:42:20","slug":"iva-cv","status":"publish","type":"page","link":"https:\/\/together.hr\/index.php\/iva-cv\/","title":{"rendered":"Iva Marjanovi\u0107"},"content":{"rendered":"\n<p>Iva je psihologinja i stru\u010dnjakinja za ljudske resurse s izra\u017eenom orijentacijom na razumijevanje pojedinca i poslovanja. U svom radu kao savjetnik, trener, coach i facilitator usmjerena je na pru\u017eanje podr\u0161ke u ostvarivanju potencijala zaposlenika i timova. Posebno podru\u010dje interesa je upravljanje i razumijevanje emocija u privatnom i poslovnom okru\u017eenju te osvje\u0161tavanje i razvoj potencijala i odnosa.<\/p>\n\n\n\n<p>Karijeru je zapo\u010dela u korporativnom sektoru gdje se na razli\u010dite na\u010dine bavila HR procesima i razvojem ljudskih potencijala. Posljednjih desetak godina radi samostalno kao trener, facilitator, coach, konzultant u podru\u010dju ljudskih potencijala i bavi se individualnim savjetovanjem i psihoterapijom. U radu podr\u017eava razli\u010dite organizacije na tuzemnom i me\u0111unarodnom tr\u017ei\u0161tu. U svojim razli\u010ditim ulogama kao zajedni\u010dki nazivnik podr\u0161ku ostvarivanju potencijala pojedinaca i timova te podr\u0161ku ostvarivanju dobrobiti.<\/p>\n\n\n\n<p>Nakon diplome psihologije, poslijediplomsko obrazovanje nastavlja na temu Upravljanja promjenama u Henley Business School. Poha\u0111ala je MBA program na Sveu\u010dili\u0161tu u Zagrebu. Pri SHL-u u Londonu certificirana je za implementaciju 360 procesa te coaching feedback, \u0161kolovani je facilitator, Art of Hosting prakti\u010dar te Strength Deployment Inventory (SDI) trener. Edukantica je gestalt psihoterapije.<\/p>\n","protected":false},"excerpt":{"rendered":"<p>Iva je psihologinja i stru\u010dnjakinja za ljudske resurse s izra\u017eenom orijentacijom na razumijevanje pojedinca i poslovanja. U svom radu kao savjetnik, trener, coach i facilitator usmjerena je na pru\u017eanje podr\u0161ke u ostvarivanju potencijala zaposlenika i timova. Posebno podru\u010dje interesa je upravljanje i razumijevanje emocija u privatnom i poslovnom okru\u017eenju te osvje\u0161tavanje i razvoj potencijala i [&hellip;]<\/p>\n","protected":false},"author":1,"featured_media":0,"parent":0,"menu_order":0,"comment_status":"closed","ping_status":"closed","template":"","meta":{"footnotes":""},"class_list":["post-158","page","type-page","status-publish","hentry"],"_links":{"self":[{"href":"https:\/\/together.hr\/index.php\/wp-json\/wp\/v2\/pages\/158","targetHints":{"allow":["GET"]}}],"collection":[{"href":"https:\/\/together.hr\/index.php\/wp-json\/wp\/v2\/pages"}],"about":[{"href":"https:\/\/together.hr\/index.php\/wp-json\/wp\/v2\/types\/page"}],"author":[{"embeddable":true,"href":"https:\/\/together.hr\/index.php\/wp-json\/wp\/v2\/users\/1"}],"replies":[{"embeddable":true,"href":"https:\/\/together.hr\/index.php\/wp-json\/wp\/v2\/comments?post=158"}],"version-history":[{"count":1,"href":"https:\/\/together.hr\/index.php\/wp-json\/wp\/v2\/pages\/158\/revisions"}],"predecessor-version":[{"id":159,"href":"https:\/\/together.hr\/index.php\/wp-json\/wp\/v2\/pages\/158\/revisions\/159"}],"wp:attachment":[{"href":"https:\/\/together.hr\/index.php\/wp-json\/wp\/v2\/media?parent=158"}],"curies":[{"name":"wp","href":"https:\/\/api.w.org\/{rel}","templated":true}]}}