{"id":162,"date":"2023-11-11T17:45:51","date_gmt":"2023-11-11T17:45:51","guid":{"rendered":"https:\/\/together.hr\/?page_id=162"},"modified":"2023-11-11T17:45:51","modified_gmt":"2023-11-11T17:45:51","slug":"latica-mladina","status":"publish","type":"page","link":"https:\/\/together.hr\/index.php\/latica-mladina\/","title":{"rendered":"Latica Mladina"},"content":{"rendered":"\n<p>Latica je psiholog sa vi\u0161egodi\u0161njim iskustvom rada u podru\u010djima upravljanja ljudskim resursima i psihoterapije. Svoj rad bazira na konceptima humanisti\u010dke psihologije, gestalt psihoterapije, procesnog rada, art terapije i body work-a. Svoja znanja iz podru\u010dja ljudskih resursa usavr\u0161avala jeu sklopu HR akademije na Erasmus University-u u Rotterdamu, \u0161kolovani je trener i facilitator. \u010cetverogodi\u0161nju edukaciju iz gestalt psihoterapije poha\u0111ala je u okviru IGW Wurzburg, zavr\u0161ila jedvogodi\u0161nju edukaciju expressive art terapije, a processwork usavr\u0161ava u Z\u00fcrichu, Barceloni i Londonu. <\/p>\n\n\n\n<p>Proteklih 15 godina na razne na\u010dine se bavi temama ljudskog funkcioniranja i pona\u0161anja \u2013 kroz individualni coaching i savjetovanje, vo\u0111enje radionica i treninga, sudjelovanja u organizacijskom razvoju raznih kompanija. U terapijskom radu bavi se raznim temama \u2013 krize identiteta, partnerski odnosi, obiteljske dinamike, problemi u socijalnim odnosima, klijenti s posebnim stanjima\/pote\u0161ko\u0107ama, problemi LGBTIQ pojedinaca, roditeljstvo, tjelesni simptomi, traumatski doga\u0111aji, podr\u0161ka za osobni razvoj. <\/p>\n\n\n\n<p>Posve\u0107ena je kontinuiranom u\u010denju, u\u017eiva u putovanjima i odlascima u prirodu. Jedna od glavnih osobnih misija joj je posti\u0107i balans izme\u0111u obitelji, posla, prijatelja i sebe.<\/p>\n","protected":false},"excerpt":{"rendered":"<p>Latica je psiholog sa vi\u0161egodi\u0161njim iskustvom rada u podru\u010djima upravljanja ljudskim resursima i psihoterapije. Svoj rad bazira na konceptima humanisti\u010dke psihologije, gestalt psihoterapije, procesnog rada, art terapije i body work-a. Svoja znanja iz podru\u010dja ljudskih resursa usavr\u0161avala jeu sklopu HR akademije na Erasmus University-u u Rotterdamu, \u0161kolovani je trener i facilitator. \u010cetverogodi\u0161nju edukaciju iz gestalt [&hellip;]<\/p>\n","protected":false},"author":1,"featured_media":0,"parent":0,"menu_order":0,"comment_status":"closed","ping_status":"closed","template":"","meta":{"footnotes":""},"class_list":["post-162","page","type-page","status-publish","hentry"],"_links":{"self":[{"href":"https:\/\/together.hr\/index.php\/wp-json\/wp\/v2\/pages\/162","targetHints":{"allow":["GET"]}}],"collection":[{"href":"https:\/\/together.hr\/index.php\/wp-json\/wp\/v2\/pages"}],"about":[{"href":"https:\/\/together.hr\/index.php\/wp-json\/wp\/v2\/types\/page"}],"author":[{"embeddable":true,"href":"https:\/\/together.hr\/index.php\/wp-json\/wp\/v2\/users\/1"}],"replies":[{"embeddable":true,"href":"https:\/\/together.hr\/index.php\/wp-json\/wp\/v2\/comments?post=162"}],"version-history":[{"count":1,"href":"https:\/\/together.hr\/index.php\/wp-json\/wp\/v2\/pages\/162\/revisions"}],"predecessor-version":[{"id":163,"href":"https:\/\/together.hr\/index.php\/wp-json\/wp\/v2\/pages\/162\/revisions\/163"}],"wp:attachment":[{"href":"https:\/\/together.hr\/index.php\/wp-json\/wp\/v2\/media?parent=162"}],"curies":[{"name":"wp","href":"https:\/\/api.w.org\/{rel}","templated":true}]}}