{"id":166,"date":"2023-11-11T17:55:08","date_gmt":"2023-11-11T17:55:08","guid":{"rendered":"https:\/\/together.hr\/?page_id=166"},"modified":"2023-11-12T17:50:35","modified_gmt":"2023-11-12T17:50:35","slug":"tina-martinis-miletic","status":"publish","type":"page","link":"https:\/\/together.hr\/index.php\/tina-martinis-miletic\/","title":{"rendered":"Tina Martinis Mileti\u0107"},"content":{"rendered":"\n<p>Tina je psiholog, specijalistica organizacije i menad\u017ementa s preko 20 godina iskustva u podru\u010dju upravljanja ljudskim resursima za organizacije razli\u010ditih veli\u010dina. Posljednjih 10 godina radi kao psihoterapeut s klijentima koji se susre\u0107u s emocionalnim izazovima i ima vi\u0161e od 15 godina iskustva u ulozi trenera i coacha rade\u0107i na usavr\u0161avanju osobnih i poslovnih vje\u0161tina.<\/p>\n\n\n\n<p>Osnovno obrazovanje stjecala je tijekom \u010detverogodi\u0161nje edukacije iz gestalt psihoterapije na IGW Wurzburg, jednogodi\u0161njeg poslijediplomskog studija organizacije i menad\u017ementa na Ekonomskom fakultetu i studija psihologije na Filozofskom fakultetu.<\/p>\n\n\n\n<p>Radila je na vode\u0107im pozicijama u podru\u010dju ljudskih resursa i pru\u017eala poslovnu podr\u0161ku svim razinama menad\u017ementa u temama kao \u0161to su upravljanje timovima, razvoj i podu\u010davanje drugih, rje\u0161avanje i pobolj\u0161anje timskih izazova, upravljanje organizacijskim dizajnom i procesima kao i upravljanje promjenama tijekom spajanja, akvizicija i integracija. Radila je u telekom industriji, bankarskom sektoru i zadnjih 8 godina u medijskoj industriji.<\/p>\n\n\n\n<p><\/p>\n","protected":false},"excerpt":{"rendered":"<p>Tina je psiholog, specijalistica organizacije i menad\u017ementa s preko 20 godina iskustva u podru\u010dju upravljanja ljudskim resursima za organizacije razli\u010ditih veli\u010dina. Posljednjih 10 godina radi kao psihoterapeut s klijentima koji se susre\u0107u s emocionalnim izazovima i ima vi\u0161e od 15 godina iskustva u ulozi trenera i coacha rade\u0107i na usavr\u0161avanju osobnih i poslovnih vje\u0161tina. Osnovno [&hellip;]<\/p>\n","protected":false},"author":1,"featured_media":0,"parent":0,"menu_order":0,"comment_status":"closed","ping_status":"closed","template":"","meta":{"footnotes":""},"class_list":["post-166","page","type-page","status-publish","hentry"],"_links":{"self":[{"href":"https:\/\/together.hr\/index.php\/wp-json\/wp\/v2\/pages\/166","targetHints":{"allow":["GET"]}}],"collection":[{"href":"https:\/\/together.hr\/index.php\/wp-json\/wp\/v2\/pages"}],"about":[{"href":"https:\/\/together.hr\/index.php\/wp-json\/wp\/v2\/types\/page"}],"author":[{"embeddable":true,"href":"https:\/\/together.hr\/index.php\/wp-json\/wp\/v2\/users\/1"}],"replies":[{"embeddable":true,"href":"https:\/\/together.hr\/index.php\/wp-json\/wp\/v2\/comments?post=166"}],"version-history":[{"count":2,"href":"https:\/\/together.hr\/index.php\/wp-json\/wp\/v2\/pages\/166\/revisions"}],"predecessor-version":[{"id":170,"href":"https:\/\/together.hr\/index.php\/wp-json\/wp\/v2\/pages\/166\/revisions\/170"}],"wp:attachment":[{"href":"https:\/\/together.hr\/index.php\/wp-json\/wp\/v2\/media?parent=166"}],"curies":[{"name":"wp","href":"https:\/\/api.w.org\/{rel}","templated":true}]}}