{"id":48,"date":"2023-11-10T20:46:16","date_gmt":"2023-11-10T20:46:16","guid":{"rendered":"https:\/\/together.hr\/?page_id=48"},"modified":"2023-11-11T17:55:36","modified_gmt":"2023-11-11T17:55:36","slug":"psychotherapy","status":"publish","type":"page","link":"https:\/\/together.hr\/index.php\/psychotherapy\/","title":{"rendered":"Psihoterapija"},"content":{"rendered":"\n<div class=\"wp-block-columns are-vertically-aligned-center is-layout-flex wp-container-core-columns-is-layout-28f84493 wp-block-columns-is-layout-flex\">\n<div class=\"wp-block-column is-vertically-aligned-center is-layout-flow wp-block-column-is-layout-flow\" style=\"flex-basis:100%\">\n<div class=\"wp-block-cover\"><span aria-hidden=\"true\" class=\"wp-block-cover__background has-background-dim\"><\/span><img loading=\"lazy\" decoding=\"async\" width=\"2448\" height=\"2448\" class=\"wp-block-cover__image-background wp-image-130\" alt=\"\" src=\"https:\/\/together.hr\/wp-content\/uploads\/2023\/11\/maria-hochgesang-5oMpx91a9ks-unsplash.jpg\" data-object-fit=\"cover\" srcset=\"https:\/\/together.hr\/wp-content\/uploads\/2023\/11\/maria-hochgesang-5oMpx91a9ks-unsplash.jpg 2448w, https:\/\/together.hr\/wp-content\/uploads\/2023\/11\/maria-hochgesang-5oMpx91a9ks-unsplash-300x300.jpg 300w, https:\/\/together.hr\/wp-content\/uploads\/2023\/11\/maria-hochgesang-5oMpx91a9ks-unsplash-1024x1024.jpg 1024w, https:\/\/together.hr\/wp-content\/uploads\/2023\/11\/maria-hochgesang-5oMpx91a9ks-unsplash-150x150.jpg 150w, https:\/\/together.hr\/wp-content\/uploads\/2023\/11\/maria-hochgesang-5oMpx91a9ks-unsplash-768x768.jpg 768w, https:\/\/together.hr\/wp-content\/uploads\/2023\/11\/maria-hochgesang-5oMpx91a9ks-unsplash-1536x1536.jpg 1536w, https:\/\/together.hr\/wp-content\/uploads\/2023\/11\/maria-hochgesang-5oMpx91a9ks-unsplash-2048x2048.jpg 2048w\" sizes=\"auto, (max-width: 2448px) 100vw, 2448px\" \/><div class=\"wp-block-cover__inner-container has-global-padding is-layout-constrained wp-block-cover-is-layout-constrained\">\n<p class=\"has-text-align-center has-large-font-size\">Dosada\u0161nji na\u010dini suo\u010davanja vam vi\u0161e nisu dovoljno u\u010dinkoviti? <\/p>\n\n\n\n<p class=\"has-text-align-center has-large-font-size\">Primije\u0107ujete da vas stari obrasci ometaju?<\/p>\n<\/div><\/div>\n<\/div>\n<\/div>\n\n\n\n<div class=\"wp-block-columns is-layout-flex wp-container-core-columns-is-layout-28f84493 wp-block-columns-is-layout-flex\">\n<div class=\"wp-block-column is-layout-flow wp-block-column-is-layout-flow\" style=\"flex-basis:100%\">\n<div class=\"wp-block-columns is-layout-flex wp-container-core-columns-is-layout-28f84493 wp-block-columns-is-layout-flex\">\n<div class=\"wp-block-column is-layout-flow wp-block-column-is-layout-flow\" style=\"flex-basis:100%\">\n<p>S na\u0161im klijentima provodimo individualnu terapiju prema principima gestalt terapije, kombiniraju\u0107i je s raznim dodatnim znanjima poput art terapije, rada s tijelom, procesno orijentirane psihologije. Smatramo da je klju\u010dni \u010dimbenik dobre terapije odnos izme\u0111u klijenta i terapeuta.<\/p>\n\n\n\n<p>U potrazi ste za terapeutom? Ponekad niti to nije lako&#8230;<\/p>\n<\/div>\n<\/div>\n<\/div>\n<\/div>\n\n\n\n<p><strong>Upoznajte na\u0161e terapeute:<\/strong><\/p>\n\n\n\n<figure class=\"wp-block-gallery has-nested-images columns-default is-cropped wp-block-gallery-4 is-layout-flex wp-block-gallery-is-layout-flex\">\n<figure class=\"wp-block-image size-large is-style-rounded is-style-rounded--1\"><a href=\"https:\/\/together.hr\/?page_id=158\"><img loading=\"lazy\" decoding=\"async\" width=\"768\" height=\"1024\" data-id=\"39\" src=\"https:\/\/together.hr\/wp-content\/uploads\/2023\/11\/Iva-fotka-768x1024.png\" alt=\"\" class=\"wp-image-39\" srcset=\"https:\/\/together.hr\/wp-content\/uploads\/2023\/11\/Iva-fotka-768x1024.png 768w, https:\/\/together.hr\/wp-content\/uploads\/2023\/11\/Iva-fotka-225x300.png 225w, https:\/\/together.hr\/wp-content\/uploads\/2023\/11\/Iva-fotka-1152x1536.png 1152w, https:\/\/together.hr\/wp-content\/uploads\/2023\/11\/Iva-fotka.png 1200w\" sizes=\"auto, (max-width: 768px) 100vw, 768px\" \/><\/a><figcaption class=\"wp-element-caption\">Iva Marjanovi\u0107<\/figcaption><\/figure>\n\n\n\n<figure class=\"wp-block-image size-large is-style-rounded is-style-rounded--2\"><a href=\"https:\/\/together.hr\/index.php\/tina-martinis-miletic\/\"><img loading=\"lazy\" decoding=\"async\" width=\"1024\" height=\"682\" data-id=\"26\" src=\"https:\/\/together.hr\/wp-content\/uploads\/2023\/11\/Tina_sluzbena-2-1024x682.jpg\" alt=\"\" class=\"wp-image-26\" srcset=\"https:\/\/together.hr\/wp-content\/uploads\/2023\/11\/Tina_sluzbena-2-1024x682.jpg 1024w, https:\/\/together.hr\/wp-content\/uploads\/2023\/11\/Tina_sluzbena-2-300x200.jpg 300w, https:\/\/together.hr\/wp-content\/uploads\/2023\/11\/Tina_sluzbena-2-768x512.jpg 768w, https:\/\/together.hr\/wp-content\/uploads\/2023\/11\/Tina_sluzbena-2-1536x1024.jpg 1536w, https:\/\/together.hr\/wp-content\/uploads\/2023\/11\/Tina_sluzbena-2-2048x1365.jpg 2048w\" sizes=\"auto, (max-width: 1024px) 100vw, 1024px\" \/><\/a><figcaption class=\"wp-element-caption\">Tina Martinis Mileti\u0107<\/figcaption><\/figure>\n\n\n\n<figure class=\"wp-block-image size-large is-style-rounded is-style-rounded--3\"><a href=\"https:\/\/together.hr\/index.php\/latica-mladina\/\"><img loading=\"lazy\" decoding=\"async\" width=\"782\" height=\"824\" data-id=\"12\" src=\"https:\/\/together.hr\/wp-content\/uploads\/2023\/11\/Fotka-profilna.jpg\" alt=\"\" class=\"wp-image-12\" srcset=\"https:\/\/together.hr\/wp-content\/uploads\/2023\/11\/Fotka-profilna.jpg 782w, https:\/\/together.hr\/wp-content\/uploads\/2023\/11\/Fotka-profilna-285x300.jpg 285w, https:\/\/together.hr\/wp-content\/uploads\/2023\/11\/Fotka-profilna-768x809.jpg 768w\" sizes=\"auto, (max-width: 782px) 100vw, 782px\" \/><\/a><figcaption class=\"wp-element-caption\">Latica Mladina<\/figcaption><\/figure>\n<\/figure>\n\n\n\n<p><\/p>\n","protected":false},"excerpt":{"rendered":"<p>S na\u0161im klijentima provodimo individualnu terapiju prema principima gestalt terapije, kombiniraju\u0107i je s raznim dodatnim znanjima poput art terapije, rada s tijelom, procesno orijentirane psihologije. Smatramo da je klju\u010dni \u010dimbenik dobre terapije odnos izme\u0111u klijenta i terapeuta. U potrazi ste za terapeutom? Ponekad niti to nije lako&#8230; Upoznajte na\u0161e terapeute:<\/p>\n","protected":false},"author":1,"featured_media":53,"parent":0,"menu_order":0,"comment_status":"closed","ping_status":"closed","template":"","meta":{"footnotes":""},"class_list":["post-48","page","type-page","status-publish","has-post-thumbnail","hentry"],"_links":{"self":[{"href":"https:\/\/together.hr\/index.php\/wp-json\/wp\/v2\/pages\/48","targetHints":{"allow":["GET"]}}],"collection":[{"href":"https:\/\/together.hr\/index.php\/wp-json\/wp\/v2\/pages"}],"about":[{"href":"https:\/\/together.hr\/index.php\/wp-json\/wp\/v2\/types\/page"}],"author":[{"embeddable":true,"href":"https:\/\/together.hr\/index.php\/wp-json\/wp\/v2\/users\/1"}],"replies":[{"embeddable":true,"href":"https:\/\/together.hr\/index.php\/wp-json\/wp\/v2\/comments?post=48"}],"version-history":[{"count":11,"href":"https:\/\/together.hr\/index.php\/wp-json\/wp\/v2\/pages\/48\/revisions"}],"predecessor-version":[{"id":169,"href":"https:\/\/together.hr\/index.php\/wp-json\/wp\/v2\/pages\/48\/revisions\/169"}],"wp:featuredmedia":[{"embeddable":true,"href":"https:\/\/together.hr\/index.php\/wp-json\/wp\/v2\/media\/53"}],"wp:attachment":[{"href":"https:\/\/together.hr\/index.php\/wp-json\/wp\/v2\/media?parent=48"}],"curies":[{"name":"wp","href":"https:\/\/api.w.org\/{rel}","templated":true}]}}