{"id":68,"date":"2023-11-10T22:46:07","date_gmt":"2023-11-10T22:46:07","guid":{"rendered":"https:\/\/together.hr\/?page_id=68"},"modified":"2023-11-12T18:03:20","modified_gmt":"2023-11-12T18:03:20","slug":"organizacija","status":"publish","type":"page","link":"https:\/\/together.hr\/index.php\/organizacija\/","title":{"rendered":"Organizacija"},"content":{"rendered":"\n<p class=\"has-text-align-left\">Poslovno savjetovanje koje pru\u017eamo klijentima zasnovano je na stru\u010dnom znanju i vi\u0161egodi\u0161njem iskustvu rada iz podru\u010dja psihologije, psihoterapije, upravljanja ljudskim resursima i organizacijskog razvoja.<\/p>\n\n\n\n<p class=\"has-text-align-left\">Vjerujemo da je dobrobit zaposlenika klju\u010dna za postizanje uspjeha i poticanje pozitivnog radnog okru\u017eenja te utje\u010de na produktivnost, anga\u017eiranost i zadovoljstvo zaposlenika.<\/p>\n\n\n\n<p>Na\u0161i programi brige za dobrobit zaposlenika usmjereni su na razvoj osobnih kapaciteta za bolju brigu o sebi i bolje suo\u010davanje s izazovnim situacijama kroz podr\u0161ku i pobolj\u0161anje fizi\u010dkog, mentalnog i emocionalnog zdravlja na\u0161ih klijenata. <\/p>\n\n\n\n<p>Prepoznajemo va\u017enost rada na dva nivoa \u2013 individualnom i grupnom. Procesi unutar pojedinaca i dinamika na razini timova i sustava neodvojivo su isprepleteni; kao \u0161to grupa utje\u010de na pojedinca, tako i pojedinac utje\u010de na grupu. Upravo zbog toga u na\u0161im programima kombiniramo individualni rad (savjetovanje, coaching) i rad s grupama (radionice, treninzi, predavanja).<\/p>\n\n\n\n<div class=\"wp-block-columns alignfull is-layout-flex wp-container-core-columns-is-layout-28f84493 wp-block-columns-is-layout-flex\">\n<div class=\"wp-block-column is-layout-flow wp-block-column-is-layout-flow\">\n<div class=\"wp-block-cover\"><span aria-hidden=\"true\" class=\"wp-block-cover__background has-background-dim\"><\/span><img loading=\"lazy\" decoding=\"async\" width=\"612\" height=\"408\" class=\"wp-block-cover__image-background wp-image-55\" alt=\"\" src=\"https:\/\/together.hr\/wp-content\/uploads\/2023\/11\/istockphoto-649309688-612x612-1.jpg\" data-object-fit=\"cover\" srcset=\"https:\/\/together.hr\/wp-content\/uploads\/2023\/11\/istockphoto-649309688-612x612-1.jpg 612w, https:\/\/together.hr\/wp-content\/uploads\/2023\/11\/istockphoto-649309688-612x612-1-300x200.jpg 300w\" sizes=\"auto, (max-width: 612px) 100vw, 612px\" \/><div class=\"wp-block-cover__inner-container has-global-padding is-layout-constrained wp-block-cover-is-layout-constrained\">\n<p class=\"has-text-align-center has-large-font-size\">EDUKACIJE I TRENINZI<\/p>\n<\/div><\/div>\n<\/div>\n\n\n\n<div class=\"wp-block-column is-layout-flow wp-block-column-is-layout-flow\">\n<div class=\"wp-block-cover\"><span aria-hidden=\"true\" class=\"wp-block-cover__background has-background-dim\"><\/span><img loading=\"lazy\" decoding=\"async\" width=\"2560\" height=\"1706\" class=\"wp-block-cover__image-background wp-image-135\" alt=\"\" src=\"https:\/\/together.hr\/wp-content\/uploads\/2023\/11\/quino-al-dhGFLj3rI0Q-unsplash.jpg\" data-object-fit=\"cover\" srcset=\"https:\/\/together.hr\/wp-content\/uploads\/2023\/11\/quino-al-dhGFLj3rI0Q-unsplash.jpg 2560w, https:\/\/together.hr\/wp-content\/uploads\/2023\/11\/quino-al-dhGFLj3rI0Q-unsplash-300x200.jpg 300w, https:\/\/together.hr\/wp-content\/uploads\/2023\/11\/quino-al-dhGFLj3rI0Q-unsplash-1024x682.jpg 1024w, https:\/\/together.hr\/wp-content\/uploads\/2023\/11\/quino-al-dhGFLj3rI0Q-unsplash-768x512.jpg 768w, https:\/\/together.hr\/wp-content\/uploads\/2023\/11\/quino-al-dhGFLj3rI0Q-unsplash-1536x1024.jpg 1536w, https:\/\/together.hr\/wp-content\/uploads\/2023\/11\/quino-al-dhGFLj3rI0Q-unsplash-2048x1365.jpg 2048w\" sizes=\"auto, (max-width: 2560px) 100vw, 2560px\" \/><div class=\"wp-block-cover__inner-container has-global-padding is-layout-constrained wp-block-cover-is-layout-constrained\">\n<p class=\"has-text-align-center has-large-font-size\">TIMSKE RADIONICE<\/p>\n<\/div><\/div>\n<\/div>\n\n\n\n<div class=\"wp-block-column is-layout-flow wp-block-column-is-layout-flow\">\n<div class=\"wp-block-cover\"><span aria-hidden=\"true\" class=\"wp-block-cover__background has-background-dim\"><\/span><img loading=\"lazy\" decoding=\"async\" width=\"2048\" height=\"2560\" class=\"wp-block-cover__image-background wp-image-131\" alt=\"\" src=\"https:\/\/together.hr\/wp-content\/uploads\/2023\/11\/brice-cooper-DAAImy211jY-unsplash-scaled.jpg\" data-object-fit=\"cover\" srcset=\"https:\/\/together.hr\/wp-content\/uploads\/2023\/11\/brice-cooper-DAAImy211jY-unsplash-scaled.jpg 2048w, https:\/\/together.hr\/wp-content\/uploads\/2023\/11\/brice-cooper-DAAImy211jY-unsplash-240x300.jpg 240w, https:\/\/together.hr\/wp-content\/uploads\/2023\/11\/brice-cooper-DAAImy211jY-unsplash-819x1024.jpg 819w, https:\/\/together.hr\/wp-content\/uploads\/2023\/11\/brice-cooper-DAAImy211jY-unsplash-768x960.jpg 768w, https:\/\/together.hr\/wp-content\/uploads\/2023\/11\/brice-cooper-DAAImy211jY-unsplash-1229x1536.jpg 1229w, https:\/\/together.hr\/wp-content\/uploads\/2023\/11\/brice-cooper-DAAImy211jY-unsplash-1638x2048.jpg 1638w\" sizes=\"auto, (max-width: 2048px) 100vw, 2048px\" \/><div class=\"wp-block-cover__inner-container has-global-padding is-layout-constrained wp-block-cover-is-layout-constrained\">\n<p class=\"has-text-align-center has-large-font-size\">INDIVIDUALNI COACHING I SAVJETOVANJE<\/p>\n<\/div><\/div>\n<\/div>\n<\/div>\n","protected":false},"excerpt":{"rendered":"<p>Poslovno savjetovanje koje pru\u017eamo klijentima zasnovano je na stru\u010dnom znanju i vi\u0161egodi\u0161njem iskustvu rada iz podru\u010dja psihologije, psihoterapije, upravljanja ljudskim resursima i organizacijskog razvoja. Vjerujemo da je dobrobit zaposlenika klju\u010dna za postizanje uspjeha i poticanje pozitivnog radnog okru\u017eenja te utje\u010de na produktivnost, anga\u017eiranost i zadovoljstvo zaposlenika. Na\u0161i programi brige za dobrobit zaposlenika usmjereni su na [&hellip;]<\/p>\n","protected":false},"author":1,"featured_media":55,"parent":0,"menu_order":0,"comment_status":"closed","ping_status":"closed","template":"","meta":{"footnotes":""},"class_list":["post-68","page","type-page","status-publish","has-post-thumbnail","hentry"],"_links":{"self":[{"href":"https:\/\/together.hr\/index.php\/wp-json\/wp\/v2\/pages\/68","targetHints":{"allow":["GET"]}}],"collection":[{"href":"https:\/\/together.hr\/index.php\/wp-json\/wp\/v2\/pages"}],"about":[{"href":"https:\/\/together.hr\/index.php\/wp-json\/wp\/v2\/types\/page"}],"author":[{"embeddable":true,"href":"https:\/\/together.hr\/index.php\/wp-json\/wp\/v2\/users\/1"}],"replies":[{"embeddable":true,"href":"https:\/\/together.hr\/index.php\/wp-json\/wp\/v2\/comments?post=68"}],"version-history":[{"count":8,"href":"https:\/\/together.hr\/index.php\/wp-json\/wp\/v2\/pages\/68\/revisions"}],"predecessor-version":[{"id":171,"href":"https:\/\/together.hr\/index.php\/wp-json\/wp\/v2\/pages\/68\/revisions\/171"}],"wp:featuredmedia":[{"embeddable":true,"href":"https:\/\/together.hr\/index.php\/wp-json\/wp\/v2\/media\/55"}],"wp:attachment":[{"href":"https:\/\/together.hr\/index.php\/wp-json\/wp\/v2\/media?parent=68"}],"curies":[{"name":"wp","href":"https:\/\/api.w.org\/{rel}","templated":true}]}}